{"id":53,"date":"2026-02-26T00:50:43","date_gmt":"2026-02-26T00:50:43","guid":{"rendered":"https:\/\/mejoreslatinas.com\/blog\/?page_id=53"},"modified":"2026-02-26T01:25:16","modified_gmt":"2026-02-26T01:25:16","slug":"kjkj","status":"publish","type":"page","link":"https:\/\/mejoreslatinas.com\/blog\/","title":{"rendered":""},"content":{"rendered":"\n<div class=\"wp-block-query is-layout-flow wp-block-query-is-layout-flow\"><ul class=\"wp-block-post-template is-layout-flow wp-block-post-template-is-layout-flow\"><li class=\"wp-block-post post-103 post type-post status-publish format-standard has-post-thumbnail hentry category-blog\">\n\n<div class=\"wp-block-columns alignwide is-layout-flex wp-container-core-columns-is-layout-28f84493 wp-block-columns-is-layout-flex\">\n<div class=\"wp-block-column is-layout-flow wp-block-column-is-layout-flow\" style=\"flex-basis:66.66%\"><figure class=\"wp-block-post-featured-image\"><a href=\"https:\/\/mejoreslatinas.com\/blog\/como-ganar-dinero-en-onlyfans-siendo-latina-2026-guia-completa-paso-a-paso-desde-cero\/\" target=\"_self\"  ><img loading=\"lazy\" decoding=\"async\" width=\"1280\" height=\"720\" src=\"https:\/\/mejoreslatinas.com\/blog\/wp-content\/uploads\/2026\/03\/image-12.png\" class=\"attachment-post-thumbnail size-post-thumbnail wp-post-image\" alt=\"C\u00f3mo Ganar Dinero en OnlyFans Siendo Latina 2026: Gu\u00eda Completa Paso a Paso desde Cero\" style=\"object-fit:cover;\" srcset=\"https:\/\/mejoreslatinas.com\/blog\/wp-content\/uploads\/2026\/03\/image-12.png 1280w, https:\/\/mejoreslatinas.com\/blog\/wp-content\/uploads\/2026\/03\/image-12-300x169.png 300w, https:\/\/mejoreslatinas.com\/blog\/wp-content\/uploads\/2026\/03\/image-12-1024x576.png 1024w, https:\/\/mejoreslatinas.com\/blog\/wp-content\/uploads\/2026\/03\/image-12-768x432.png 768w\" sizes=\"auto, (max-width: 1280px) 100vw, 1280px\" \/><\/a><\/figure><\/div>\n\n\n\n<div class=\"wp-block-column is-layout-flow wp-block-column-is-layout-flow\" style=\"flex-basis:33.33%\"><h2 class=\"wp-block-post-title\"><a href=\"https:\/\/mejoreslatinas.com\/blog\/como-ganar-dinero-en-onlyfans-siendo-latina-2026-guia-completa-paso-a-paso-desde-cero\/\" target=\"_self\" >C\u00f3mo Ganar Dinero en OnlyFans Siendo Latina 2026: Gu\u00eda Completa Paso a Paso desde Cero<\/a><\/h2>\n\n<div class=\"wp-block-post-excerpt\"><p class=\"wp-block-post-excerpt__excerpt\">\u00bfQuieres vivir de tu cuerpo y tu sensualidad sin depender de nadie? En MejoresLatinas.com te traemos la gu\u00eda m\u00e1s actualizada y real 2026 para ganar dinero en OnlyFans siendo latina. Miles de chicas de M\u00e9xico, Colombia, Venezuela, Argentina y Brasil est\u00e1n facturando entre 3.000 y 50.000 d\u00f3lares al mes. No necesitas ser famosa ni tener&hellip; <\/p><\/div><\/div>\n<\/div>\n\n<\/li><li class=\"wp-block-post post-99 post type-post status-publish format-standard has-post-thumbnail hentry category-blog\">\n\n<div class=\"wp-block-columns alignwide is-layout-flex wp-container-core-columns-is-layout-28f84493 wp-block-columns-is-layout-flex\">\n<div class=\"wp-block-column is-layout-flow wp-block-column-is-layout-flow\" style=\"flex-basis:66.66%\"><figure class=\"wp-block-post-featured-image\"><a href=\"https:\/\/mejoreslatinas.com\/blog\/como-ser-actriz-porno-en-latam-2026-la-guia-definitiva-para-empezar-desde-cero-y-ganar-miles-de-dolares\/\" target=\"_self\"  ><img loading=\"lazy\" decoding=\"async\" width=\"1280\" height=\"720\" src=\"https:\/\/mejoreslatinas.com\/blog\/wp-content\/uploads\/2026\/03\/image-11.png\" class=\"attachment-post-thumbnail size-post-thumbnail wp-post-image\" alt=\"C\u00f3mo Ser Actriz Porno en LATAM 2026: La Gu\u00eda Definitiva para Empezar desde Cero y Ganar Miles de D\u00f3lares\" style=\"object-fit:cover;\" srcset=\"https:\/\/mejoreslatinas.com\/blog\/wp-content\/uploads\/2026\/03\/image-11.png 1280w, https:\/\/mejoreslatinas.com\/blog\/wp-content\/uploads\/2026\/03\/image-11-300x169.png 300w, https:\/\/mejoreslatinas.com\/blog\/wp-content\/uploads\/2026\/03\/image-11-1024x576.png 1024w, https:\/\/mejoreslatinas.com\/blog\/wp-content\/uploads\/2026\/03\/image-11-768x432.png 768w\" sizes=\"auto, (max-width: 1280px) 100vw, 1280px\" \/><\/a><\/figure><\/div>\n\n\n\n<div class=\"wp-block-column is-layout-flow wp-block-column-is-layout-flow\" style=\"flex-basis:33.33%\"><h2 class=\"wp-block-post-title\"><a href=\"https:\/\/mejoreslatinas.com\/blog\/como-ser-actriz-porno-en-latam-2026-la-guia-definitiva-para-empezar-desde-cero-y-ganar-miles-de-dolares\/\" target=\"_self\" >C\u00f3mo Ser Actriz Porno en LATAM 2026: La Gu\u00eda Definitiva para Empezar desde Cero y Ganar Miles de D\u00f3lares<\/a><\/h2>\n\n<div class=\"wp-block-post-excerpt\"><p class=\"wp-block-post-excerpt__excerpt\">\u00bfEst\u00e1s harta de trabajos normales y quieres vivir de tu sensualidad cobrando muy bien? En MejoresLatinas.com te traemos la gu\u00eda m\u00e1s completa y actualizada 2026 para convertirte en actriz porno en Latinoam\u00e9rica. El porno latino est\u00e1 en su mejor momento: M\u00e9xico, Colombia, Brasil y Argentina dominan las b\u00fasquedas mundiales y miles de chicas comunes est\u00e1n&hellip; <\/p><\/div><\/div>\n<\/div>\n\n<\/li><li class=\"wp-block-post post-96 post type-post status-publish format-standard hentry category-blog\">\n\n<div class=\"wp-block-columns alignwide is-layout-flex wp-container-core-columns-is-layout-28f84493 wp-block-columns-is-layout-flex\">\n<div class=\"wp-block-column is-layout-flow wp-block-column-is-layout-flow\" style=\"flex-basis:66.66%\"><\/div>\n\n\n\n<div class=\"wp-block-column is-layout-flow wp-block-column-is-layout-flow\" style=\"flex-basis:33.33%\"><h2 class=\"wp-block-post-title\"><a href=\"https:\/\/mejoreslatinas.com\/blog\/como-ser-actor-porno-en-latam-2026-guia-completa-paso-a-paso-para-ganar-miles-de-dolares\/\" target=\"_self\" >C\u00f3mo Ser Actor Porno en LATAM 2026: Gu\u00eda Completa Paso a Paso para Ganar Miles de D\u00f3lares<\/a><\/h2>\n\n<div class=\"wp-block-post-excerpt\"><p class=\"wp-block-post-excerpt__excerpt\">\u00bfSue\u00f1as con vivir follando y cobrando por ello? En MejoresLatinas.com te traemos la gu\u00eda definitiva para ser actor porno en Latinoam\u00e9rica 2026. El porno latino est\u00e1 explotando (M\u00e9xico, Colombia, Brasil y Argentina lideran las b\u00fasquedas mundiales) y miles de chicos est\u00e1n pasando de sueldo m\u00ednimo a 5.000-15.000 d\u00f3lares al mes. No necesitas ser modelo de&hellip; <\/p><\/div><\/div>\n<\/div>\n\n<\/li><li class=\"wp-block-post post-84 post type-post status-publish format-standard has-post-thumbnail hentry category-blog\">\n\n<div class=\"wp-block-columns alignwide is-layout-flex wp-container-core-columns-is-layout-28f84493 wp-block-columns-is-layout-flex\">\n<div class=\"wp-block-column is-layout-flow wp-block-column-is-layout-flow\" style=\"flex-basis:66.66%\"><figure class=\"wp-block-post-featured-image\"><a href=\"https:\/\/mejoreslatinas.com\/blog\/top-10-mejores-culonas-porno-latinas-2026-las-mas-rebotantes-y-calientes-del-ano\/\" target=\"_self\"  ><img loading=\"lazy\" decoding=\"async\" width=\"880\" height=\"587\" src=\"https:\/\/mejoreslatinas.com\/blog\/wp-content\/uploads\/2026\/03\/image.png\" class=\"attachment-post-thumbnail size-post-thumbnail wp-post-image\" alt=\"Top 10 Mejores Culonas Porno Latinas 2026: Las M\u00e1s Rebotantes y Calientes del A\u00f1o\" style=\"object-fit:cover;\" srcset=\"https:\/\/mejoreslatinas.com\/blog\/wp-content\/uploads\/2026\/03\/image.png 880w, https:\/\/mejoreslatinas.com\/blog\/wp-content\/uploads\/2026\/03\/image-300x200.png 300w, https:\/\/mejoreslatinas.com\/blog\/wp-content\/uploads\/2026\/03\/image-768x512.png 768w\" sizes=\"auto, (max-width: 880px) 100vw, 880px\" \/><\/a><\/figure><\/div>\n\n\n\n<div class=\"wp-block-column is-layout-flow wp-block-column-is-layout-flow\" style=\"flex-basis:33.33%\"><h2 class=\"wp-block-post-title\"><a href=\"https:\/\/mejoreslatinas.com\/blog\/top-10-mejores-culonas-porno-latinas-2026-las-mas-rebotantes-y-calientes-del-ano\/\" target=\"_self\" >Top 10 Mejores Culonas Porno Latinas 2026: Las M\u00e1s Rebotantes y Calientes del A\u00f1o<\/a><\/h2>\n\n<div class=\"wp-block-post-excerpt\"><p class=\"wp-block-post-excerpt__excerpt\">\u00bfBuscas las mejores culonas porno latinas 2026? En MejoresLatinas.com tenemos el ranking definitivo. Estas diosas del rebote est\u00e1n dominando Pornhub, OnlyFans y Xvideos con sus culos enormes, tetas perfectas y escenas hardcore sin censura que dejan a cualquiera con la boca abierta. En 2026 el porno latino sigue siendo el m\u00e1s buscado del mundo y&hellip; <\/p><\/div><\/div>\n<\/div>\n\n<\/li><li class=\"wp-block-post post-43 post type-post status-publish format-standard has-post-thumbnail hentry category-blog\">\n\n<div class=\"wp-block-columns alignwide is-layout-flex wp-container-core-columns-is-layout-28f84493 wp-block-columns-is-layout-flex\">\n<div class=\"wp-block-column is-layout-flow wp-block-column-is-layout-flow\" style=\"flex-basis:66.66%\"><figure class=\"wp-block-post-featured-image\"><a href=\"https:\/\/mejoreslatinas.com\/blog\/las-10-mejores-productoras-de-porno-latino-del-2026-las-que-producen-el-contenido-mas-caliente-en-hd\/\" target=\"_self\"  ><img loading=\"lazy\" decoding=\"async\" width=\"1280\" height=\"720\" src=\"https:\/\/mejoreslatinas.com\/blog\/wp-content\/uploads\/2026\/02\/image-15.png\" class=\"attachment-post-thumbnail size-post-thumbnail wp-post-image\" alt=\"Top 10 Productoras Porno Latinas 2026 Las M\u00e1s Calientes y Actualizadas\" style=\"object-fit:cover;\" srcset=\"https:\/\/mejoreslatinas.com\/blog\/wp-content\/uploads\/2026\/02\/image-15.png 1280w, https:\/\/mejoreslatinas.com\/blog\/wp-content\/uploads\/2026\/02\/image-15-300x169.png 300w, https:\/\/mejoreslatinas.com\/blog\/wp-content\/uploads\/2026\/02\/image-15-1024x576.png 1024w, https:\/\/mejoreslatinas.com\/blog\/wp-content\/uploads\/2026\/02\/image-15-768x432.png 768w\" sizes=\"auto, (max-width: 1280px) 100vw, 1280px\" \/><\/a><\/figure><\/div>\n\n\n\n<div class=\"wp-block-column is-layout-flow wp-block-column-is-layout-flow\" style=\"flex-basis:33.33%\"><h2 class=\"wp-block-post-title\"><a href=\"https:\/\/mejoreslatinas.com\/blog\/las-10-mejores-productoras-de-porno-latino-del-2026-las-que-producen-el-contenido-mas-caliente-en-hd\/\" target=\"_self\" >Top 10 Productoras Porno Latinas 2026 Las M\u00e1s Calientes y Actualizadas<\/a><\/h2>\n\n<div class=\"wp-block-post-excerpt\"><p class=\"wp-block-post-excerpt__excerpt\">\u00abLas productoras latinas que dominan 2026: hardcore 4K, culonas rebotando y escenas sin censura. Rankings actualizados con las mejores colombianas, venezolanas y brasile\u00f1as. \u00a1Descubre qui\u00e9n lidera el fuego!\u00bb <\/p><\/div><\/div>\n<\/div>\n\n<\/li><li class=\"wp-block-post post-30 post type-post status-publish format-standard has-post-thumbnail hentry category-blog\">\n\n<div class=\"wp-block-columns alignwide is-layout-flex wp-container-core-columns-is-layout-28f84493 wp-block-columns-is-layout-flex\">\n<div class=\"wp-block-column is-layout-flow wp-block-column-is-layout-flow\" style=\"flex-basis:66.66%\"><figure class=\"wp-block-post-featured-image\"><a href=\"https:\/\/mejoreslatinas.com\/blog\/las-mejores-actrices-porno-latinas-del-2026\/\" target=\"_self\"  ><img loading=\"lazy\" decoding=\"async\" width=\"800\" height=\"560\" src=\"https:\/\/mejoreslatinas.com\/blog\/wp-content\/uploads\/2026\/02\/image-14.png\" class=\"attachment-post-thumbnail size-post-thumbnail wp-post-image\" alt=\"Las Mejores Actrices Porno Latinas del 2026\" style=\"object-fit:cover;\" srcset=\"https:\/\/mejoreslatinas.com\/blog\/wp-content\/uploads\/2026\/02\/image-14.png 800w, https:\/\/mejoreslatinas.com\/blog\/wp-content\/uploads\/2026\/02\/image-14-300x210.png 300w, https:\/\/mejoreslatinas.com\/blog\/wp-content\/uploads\/2026\/02\/image-14-768x538.png 768w\" sizes=\"auto, (max-width: 800px) 100vw, 800px\" \/><\/a><\/figure><\/div>\n\n\n\n<div class=\"wp-block-column is-layout-flow wp-block-column-is-layout-flow\" style=\"flex-basis:33.33%\"><h2 class=\"wp-block-post-title\"><a href=\"https:\/\/mejoreslatinas.com\/blog\/las-mejores-actrices-porno-latinas-del-2026\/\" target=\"_self\" >Las Mejores Actrices Porno Latinas del 2026<\/a><\/h2>\n\n<div class=\"wp-block-post-excerpt\"><p class=\"wp-block-post-excerpt__excerpt\">\u00abLas reinas del porno latino en 2026: culonas legendarias, squirting brutal y POV que te dejan loco. Top actual con actrices que rompen OnlyFans y videos HD. \u00bfQui\u00e9n es tu #1?\u00bb <\/p><\/div><\/div>\n<\/div>\n\n<\/li><li class=\"wp-block-post post-25 post type-post status-publish format-standard has-post-thumbnail hentry category-blog\">\n\n<div class=\"wp-block-columns alignwide is-layout-flex wp-container-core-columns-is-layout-28f84493 wp-block-columns-is-layout-flex\">\n<div class=\"wp-block-column is-layout-flow wp-block-column-is-layout-flow\" style=\"flex-basis:66.66%\"><figure class=\"wp-block-post-featured-image\"><a href=\"https:\/\/mejoreslatinas.com\/blog\/tendencias-porno-2026-verticales-pov-latinas-y-lo-que-esta-rompiendo-todo\/\" target=\"_self\"  ><img loading=\"lazy\" decoding=\"async\" width=\"720\" height=\"1280\" src=\"https:\/\/mejoreslatinas.com\/blog\/wp-content\/uploads\/2026\/02\/image-3.png\" class=\"attachment-post-thumbnail size-post-thumbnail wp-post-image\" alt=\"Tendencias Porno 2026: Verticales, POV Latinas y lo que Est\u00e1 Rompiendo Todo\" style=\"object-fit:cover;\" srcset=\"https:\/\/mejoreslatinas.com\/blog\/wp-content\/uploads\/2026\/02\/image-3.png 720w, https:\/\/mejoreslatinas.com\/blog\/wp-content\/uploads\/2026\/02\/image-3-169x300.png 169w, https:\/\/mejoreslatinas.com\/blog\/wp-content\/uploads\/2026\/02\/image-3-576x1024.png 576w\" sizes=\"auto, (max-width: 720px) 100vw, 720px\" \/><\/a><\/figure><\/div>\n\n\n\n<div class=\"wp-block-column is-layout-flow wp-block-column-is-layout-flow\" style=\"flex-basis:33.33%\"><h2 class=\"wp-block-post-title\"><a href=\"https:\/\/mejoreslatinas.com\/blog\/tendencias-porno-2026-verticales-pov-latinas-y-lo-que-esta-rompiendo-todo\/\" target=\"_self\" >Tendencias Porno 2026: Verticales, POV Latinas y lo que Est\u00e1 Rompiendo Todo<\/a><\/h2>\n\n<div class=\"wp-block-post-excerpt\"><p class=\"wp-block-post-excerpt__excerpt\">\u00abLo que explota en 2026: videos verticales para m\u00f3vil, POV hardcore latino, squirting real y roleplay salvaje. Tendencias que est\u00e1n rompiendo b\u00fasquedas NSFW. \u00a1Actual\u00edzate ya!\u00bb <\/p><\/div><\/div>\n<\/div>\n\n<\/li><li class=\"wp-block-post post-22 post type-post status-publish format-standard has-post-thumbnail hentry category-blog\">\n\n<div class=\"wp-block-columns alignwide is-layout-flex wp-container-core-columns-is-layout-28f84493 wp-block-columns-is-layout-flex\">\n<div class=\"wp-block-column is-layout-flow wp-block-column-is-layout-flow\" style=\"flex-basis:66.66%\"><figure class=\"wp-block-post-featured-image\"><a href=\"https:\/\/mejoreslatinas.com\/blog\/diferencias-entre-porno-amateur-vs-profesional-latino-cual-te-pone-mas-en-2026\/\" target=\"_self\"  ><img loading=\"lazy\" decoding=\"async\" width=\"1280\" height=\"720\" src=\"https:\/\/mejoreslatinas.com\/blog\/wp-content\/uploads\/2026\/02\/image-2.png\" class=\"attachment-post-thumbnail size-post-thumbnail wp-post-image\" alt=\"Diferencias entre Porno Amateur vs Profesional Latino: \u00bfCu\u00e1l te pone m\u00e1s en 2026?\" style=\"object-fit:cover;\" srcset=\"https:\/\/mejoreslatinas.com\/blog\/wp-content\/uploads\/2026\/02\/image-2.png 1280w, https:\/\/mejoreslatinas.com\/blog\/wp-content\/uploads\/2026\/02\/image-2-300x169.png 300w, https:\/\/mejoreslatinas.com\/blog\/wp-content\/uploads\/2026\/02\/image-2-1024x576.png 1024w, https:\/\/mejoreslatinas.com\/blog\/wp-content\/uploads\/2026\/02\/image-2-768x432.png 768w\" sizes=\"auto, (max-width: 1280px) 100vw, 1280px\" \/><\/a><\/figure><\/div>\n\n\n\n<div class=\"wp-block-column is-layout-flow wp-block-column-is-layout-flow\" style=\"flex-basis:33.33%\"><h2 class=\"wp-block-post-title\"><a href=\"https:\/\/mejoreslatinas.com\/blog\/diferencias-entre-porno-amateur-vs-profesional-latino-cual-te-pone-mas-en-2026\/\" target=\"_self\" >Diferencias entre Porno Amateur vs Profesional Latino: \u00bfCu\u00e1l te pone m\u00e1s en 2026?<\/a><\/h2>\n\n<div class=\"wp-block-post-excerpt\"><p class=\"wp-block-post-excerpt__excerpt\">Amateur casero crudo vs producciones premium 4K: culonas reales vs actrices pro. Comparativa brutal 2026 para saber qu\u00e9 te prende m\u00e1s. \u00bfTeam amateur o pro? \u00a1Vota en comentarios! <\/p><\/div><\/div>\n<\/div>\n\n<\/li><li class=\"wp-block-post post-19 post type-post status-publish format-standard has-post-thumbnail hentry category-blog\">\n\n<div class=\"wp-block-columns alignwide is-layout-flex wp-container-core-columns-is-layout-28f84493 wp-block-columns-is-layout-flex\">\n<div class=\"wp-block-column is-layout-flow wp-block-column-is-layout-flow\" style=\"flex-basis:66.66%\"><figure class=\"wp-block-post-featured-image\"><a href=\"https:\/\/mejoreslatinas.com\/blog\/las-15-mejores-actrices-porno-latinas-que-explotaron-en-2025-2026-las-que-rompieron-internet\/\" target=\"_self\"  ><img loading=\"lazy\" decoding=\"async\" width=\"1248\" height=\"832\" src=\"https:\/\/mejoreslatinas.com\/blog\/wp-content\/uploads\/2026\/02\/image-1.png\" class=\"attachment-post-thumbnail size-post-thumbnail wp-post-image\" alt=\"Las 15 Mejores Actrices Porno Latinas que Explotaron en 2025\u20132026: Las que Rompieron Internet\" style=\"object-fit:cover;\" srcset=\"https:\/\/mejoreslatinas.com\/blog\/wp-content\/uploads\/2026\/02\/image-1.png 1248w, https:\/\/mejoreslatinas.com\/blog\/wp-content\/uploads\/2026\/02\/image-1-300x200.png 300w, https:\/\/mejoreslatinas.com\/blog\/wp-content\/uploads\/2026\/02\/image-1-1024x683.png 1024w, https:\/\/mejoreslatinas.com\/blog\/wp-content\/uploads\/2026\/02\/image-1-768x512.png 768w\" sizes=\"auto, (max-width: 1248px) 100vw, 1248px\" \/><\/a><\/figure><\/div>\n\n\n\n<div class=\"wp-block-column is-layout-flow wp-block-column-is-layout-flow\" style=\"flex-basis:33.33%\"><h2 class=\"wp-block-post-title\"><a href=\"https:\/\/mejoreslatinas.com\/blog\/las-15-mejores-actrices-porno-latinas-que-explotaron-en-2025-2026-las-que-rompieron-internet\/\" target=\"_self\" >Las 15 Mejores Actrices Porno Latinas que Explotaron en 2025\u20132026: Las que Rompieron Internet<\/a><\/h2>\n\n<div class=\"wp-block-post-excerpt\"><p class=\"wp-block-post-excerpt__excerpt\">Las 15 latinas que volaron todo: de culonas colombianas a tetonas venezolanas que dominan OnlyFans y escenas virales. Ranking completo con links directos. \u00a1No te pierdas ninguna! <\/p><\/div><\/div>\n<\/div>\n\n<\/li><li class=\"wp-block-post post-1 post type-post status-publish format-standard has-post-thumbnail hentry category-blog\">\n\n<div class=\"wp-block-columns alignwide is-layout-flex wp-container-core-columns-is-layout-28f84493 wp-block-columns-is-layout-flex\">\n<div class=\"wp-block-column is-layout-flow wp-block-column-is-layout-flow\" style=\"flex-basis:66.66%\"><figure class=\"wp-block-post-featured-image\"><a href=\"https:\/\/mejoreslatinas.com\/blog\/hello-world\/\" target=\"_self\"  ><img loading=\"lazy\" decoding=\"async\" width=\"1360\" height=\"768\" src=\"https:\/\/mejoreslatinas.com\/blog\/wp-content\/uploads\/2026\/02\/image.png\" class=\"attachment-post-thumbnail size-post-thumbnail wp-post-image\" alt=\"Top 10 Mejores OnlyFans Latinas Colombianas 2026: Las M\u00e1s Calientes y Activas Ahora Mismo\" style=\"object-fit:cover;\" srcset=\"https:\/\/mejoreslatinas.com\/blog\/wp-content\/uploads\/2026\/02\/image.png 1360w, https:\/\/mejoreslatinas.com\/blog\/wp-content\/uploads\/2026\/02\/image-300x169.png 300w, https:\/\/mejoreslatinas.com\/blog\/wp-content\/uploads\/2026\/02\/image-1024x578.png 1024w, https:\/\/mejoreslatinas.com\/blog\/wp-content\/uploads\/2026\/02\/image-768x434.png 768w\" sizes=\"auto, (max-width: 1360px) 100vw, 1360px\" \/><\/a><\/figure><\/div>\n\n\n\n<div class=\"wp-block-column is-layout-flow wp-block-column-is-layout-flow\" style=\"flex-basis:33.33%\"><h2 class=\"wp-block-post-title\"><a href=\"https:\/\/mejoreslatinas.com\/blog\/hello-world\/\" target=\"_self\" >Top 10 Mejores OnlyFans Latinas Colombianas 2026: Las M\u00e1s Calientes y Activas Ahora Mismo<\/a><\/h2>\n\n<div class=\"wp-block-post-excerpt\"><p class=\"wp-block-post-excerpt__excerpt\">Las colombianas m\u00e1s calientes en OnlyFans 2026: contenido diario, nudes sin censura, lives hardcore y culos \u00e9picos. Top 10 activas ahora. \u00a1Suscr\u00edbete antes de que suban precios! <\/p><\/div><\/div>\n<\/div>\n\n<\/li><\/ul><\/div>\n","protected":false},"excerpt":{"rendered":"","protected":false},"author":1,"featured_media":0,"parent":0,"menu_order":0,"comment_status":"closed","ping_status":"closed","template":"","meta":{"footnotes":""},"class_list":["post-53","page","type-page","status-publish","hentry"],"_hostinger_reach_plugin_has_subscription_block":false,"_hostinger_reach_plugin_is_elementor":false,"_links":{"self":[{"href":"https:\/\/mejoreslatinas.com\/blog\/wp-json\/wp\/v2\/pages\/53","targetHints":{"allow":["GET"]}}],"collection":[{"href":"https:\/\/mejoreslatinas.com\/blog\/wp-json\/wp\/v2\/pages"}],"about":[{"href":"https:\/\/mejoreslatinas.com\/blog\/wp-json\/wp\/v2\/types\/page"}],"author":[{"embeddable":true,"href":"https:\/\/mejoreslatinas.com\/blog\/wp-json\/wp\/v2\/users\/1"}],"replies":[{"embeddable":true,"href":"https:\/\/mejoreslatinas.com\/blog\/wp-json\/wp\/v2\/comments?post=53"}],"version-history":[{"count":13,"href":"https:\/\/mejoreslatinas.com\/blog\/wp-json\/wp\/v2\/pages\/53\/revisions"}],"predecessor-version":[{"id":80,"href":"https:\/\/mejoreslatinas.com\/blog\/wp-json\/wp\/v2\/pages\/53\/revisions\/80"}],"wp:attachment":[{"href":"https:\/\/mejoreslatinas.com\/blog\/wp-json\/wp\/v2\/media?parent=53"}],"curies":[{"name":"wp","href":"https:\/\/api.w.org\/{rel}","templated":true}]}}